{"id":10982,"date":"2020-08-12T16:59:14","date_gmt":"2020-08-12T16:59:14","guid":{"rendered":"https:\/\/demo.goodlayers.com\/yoku\/demo1\/?page_id=10982"},"modified":"2026-03-11T20:11:07","modified_gmt":"2026-03-11T19:11:07","slug":"dansedudragon","status":"publish","type":"page","link":"https:\/\/karmaflowyoga.com\/index.php\/dansedudragon\/","title":{"rendered":"DANSE DU DRAGON"},"content":{"rendered":"\t\t<div data-elementor-type=\"wp-page\" data-elementor-id=\"10982\" class=\"elementor elementor-10982\">\n\t\t\t\t\t\t<section class=\"elementor-section elementor-top-section elementor-element elementor-element-d2e2390 elementor-section-boxed elementor-section-height-default elementor-section-height-default\" data-id=\"d2e2390\" data-element_type=\"section\" data-e-type=\"section\">\n\t\t\t\t\t\t<div class=\"elementor-container elementor-column-gap-default\">\n\t\t\t\t\t<div class=\"elementor-column elementor-col-100 elementor-top-column elementor-element elementor-element-4e68bb8f\" data-id=\"4e68bb8f\" data-element_type=\"column\" data-e-type=\"column\">\n\t\t\t<div class=\"elementor-widget-wrap elementor-element-populated\">\n\t\t\t\t\t\t<div class=\"elementor-element elementor-element-48428f5c elementor-widget elementor-widget-spacer\" data-id=\"48428f5c\" data-element_type=\"widget\" data-e-type=\"widget\" data-widget_type=\"spacer.default\">\n\t\t\t\t<div class=\"elementor-widget-container\">\n\t\t\t\t\t\t\t<div class=\"elementor-spacer\">\n\t\t\t<div class=\"elementor-spacer-inner\"><\/div>\n\t\t<\/div>\n\t\t\t\t\t\t<\/div>\n\t\t\t\t<\/div>\n\t\t\t\t\t<\/div>\n\t\t<\/div>\n\t\t\t\t\t<\/div>\n\t\t<\/section>\n\t\t\t\t<section class=\"elementor-section elementor-top-section elementor-element elementor-element-46901b44 elementor-section-boxed elementor-section-height-default elementor-section-height-default\" data-id=\"46901b44\" data-element_type=\"section\" data-e-type=\"section\">\n\t\t\t\t\t\t<div class=\"elementor-container elementor-column-gap-default\">\n\t\t\t\t\t<div class=\"elementor-column elementor-col-100 elementor-top-column elementor-element elementor-element-422f6ee1\" data-id=\"422f6ee1\" data-element_type=\"column\" data-e-type=\"column\">\n\t\t\t<div class=\"elementor-widget-wrap elementor-element-populated\">\n\t\t\t\t\t\t<div class=\"elementor-element elementor-element-6f972d62 elementor-widget elementor-widget-heading\" data-id=\"6f972d62\" data-element_type=\"widget\" data-e-type=\"widget\" data-widget_type=\"heading.default\">\n\t\t\t\t<div class=\"elementor-widget-container\">\n\t\t\t\t\t<h1 class=\"elementor-heading-title elementor-size-default\">DANSE DU DRAGON<\/h1>\t\t\t\t<\/div>\n\t\t\t\t<\/div>\n\t\t\t\t<div class=\"elementor-element elementor-element-5b60a95a elementor-widget elementor-widget-spacer\" data-id=\"5b60a95a\" data-element_type=\"widget\" data-e-type=\"widget\" data-widget_type=\"spacer.default\">\n\t\t\t\t<div class=\"elementor-widget-container\">\n\t\t\t\t\t\t\t<div class=\"elementor-spacer\">\n\t\t\t<div class=\"elementor-spacer-inner\"><\/div>\n\t\t<\/div>\n\t\t\t\t\t\t<\/div>\n\t\t\t\t<\/div>\n\t\t\t\t\t<\/div>\n\t\t<\/div>\n\t\t\t\t\t<\/div>\n\t\t<\/section>\n\t\t\t\t<section class=\"elementor-section elementor-top-section elementor-element elementor-element-63389f3b elementor-section-boxed elementor-section-height-default elementor-section-height-default\" data-id=\"63389f3b\" data-element_type=\"section\" data-e-type=\"section\">\n\t\t\t\t\t\t<div class=\"elementor-container elementor-column-gap-default\">\n\t\t\t\t\t<div class=\"elementor-column elementor-col-50 elementor-top-column elementor-element elementor-element-233a006c\" data-id=\"233a006c\" data-element_type=\"column\" data-e-type=\"column\">\n\t\t\t<div class=\"elementor-widget-wrap elementor-element-populated\">\n\t\t\t\t\t\t<div class=\"elementor-element elementor-element-4820a2a elementor-widget elementor-widget-heading\" data-id=\"4820a2a\" data-element_type=\"widget\" data-e-type=\"widget\" data-widget_type=\"heading.default\">\n\t\t\t\t<div class=\"elementor-widget-container\">\n\t\t\t\t\t<h2 class=\"elementor-heading-title elementor-size-default\">fluidit\u00e9, \u00e9nergie, joie<\/h2>\t\t\t\t<\/div>\n\t\t\t\t<\/div>\n\t\t\t\t<div class=\"elementor-element elementor-element-6b0da0c5 elementor-widget elementor-widget-text-editor\" data-id=\"6b0da0c5\" data-element_type=\"widget\" data-e-type=\"widget\" data-widget_type=\"text-editor.default\">\n\t\t\t\t<div class=\"elementor-widget-container\">\n\t\t\t\t\t\t\t\t\t<p>La\u00a0<span class=\"il\">Danse<\/span>\u00a0<span class=\"il\">du<\/span>\u00a0<span class=\"il\">Dragon<\/span>\u00a0est un enchainement dynamique de mouvements, inspir\u00e9\u00a0<span class=\"il\">du<\/span>\u00a0yoga\u00a0 Vinyasa et\u00a0<span class=\"il\">du<\/span>\u00a0Qi Gong.<br \/>Respirations apr\u00e8s respirations, le corps devient l\u00e9ger, la gravit\u00e9 s\u2019efface et laisse place \u00e0 la fluidit\u00e9 et la gr\u00e2ce\u00a0<span class=\"il\">du<\/span>\u00a0geste. Cette\u00a0<span class=\"il\">danse<\/span>\u00a0exaltante et euphorisante transporte dans le flow et l\u2019\u00e9tat de joie.<br \/>Cela refl\u00e8te notre vraie nature, joyeuse et lumineuse.<br \/>Pratiqu\u00e9e en groupe, la\u00a0<span class=\"il\">danse<\/span>\u00a0<span class=\"il\">du<\/span>\u00a0<span class=\"il\">dragon<\/span>\u00a0est une c\u00e9lebration collective de la vie\u00a0<img decoding=\"async\" class=\"an1\" draggable=\"false\" src=\"https:\/\/fonts.gstatic.com\/s\/e\/notoemoji\/17.0\/1f308\/32.png\" alt=\"\ud83c\udf08\" data-emoji=\"\ud83c\udf08\" aria-label=\"\ud83c\udf08\" \/><\/p><p>La session se termine par une pratique \u00a0plus lente \u00a0afin d\u2019int\u00e9grer la pratique et harmoniser nos 2 \u00e9nergies Yin Yang<\/p><p>Caroline propose un atelier 1 fois\/mois \u00e0 Lyon<\/p><p>Les prochaines dates sont \u00e0 retrouver dans l&rsquo;onglet \u00ab\u00a0AGENDA\u00a0\u00bb<\/p><p>\u00a0<\/p>\t\t\t\t\t\t\t\t<\/div>\n\t\t\t\t<\/div>\n\t\t\t\t<div class=\"elementor-element elementor-element-17f79037 elementor-align-center elementor-widget elementor-widget-button\" data-id=\"17f79037\" data-element_type=\"widget\" data-e-type=\"widget\" data-widget_type=\"button.default\">\n\t\t\t\t<div class=\"elementor-widget-container\">\n\t\t\t\t\t\t\t\t\t<div class=\"elementor-button-wrapper\">\n\t\t\t\t\t<a class=\"elementor-button elementor-button-link elementor-size-md\" href=\"https:\/\/karmaflowyoga.com\/index.php\/agenda\/\" target=\"_blank\">\n\t\t\t\t\t\t<span class=\"elementor-button-content-wrapper\">\n\t\t\t\t\t\t\t\t\t<span class=\"elementor-button-text\">PROCHAINES DATES<\/span>\n\t\t\t\t\t<\/span>\n\t\t\t\t\t<\/a>\n\t\t\t\t<\/div>\n\t\t\t\t\t\t\t\t<\/div>\n\t\t\t\t<\/div>\n\t\t\t\t\t<\/div>\n\t\t<\/div>\n\t\t\t\t<div class=\"elementor-column elementor-col-50 elementor-top-column elementor-element elementor-element-60650577\" data-id=\"60650577\" data-element_type=\"column\" data-e-type=\"column\">\n\t\t\t<div class=\"elementor-widget-wrap elementor-element-populated\">\n\t\t\t\t\t\t<div class=\"elementor-element elementor-element-7e0aee35 elementor-widget elementor-widget-image\" data-id=\"7e0aee35\" data-element_type=\"widget\" data-e-type=\"widget\" data-widget_type=\"image.default\">\n\t\t\t\t<div class=\"elementor-widget-container\">\n\t\t\t\t\t\t\t\t\t\t\t\t\t\t\t<img fetchpriority=\"high\" decoding=\"async\" width=\"819\" height=\"1024\" src=\"https:\/\/karmaflowyoga.com\/wp-content\/uploads\/2023\/05\/IMG-8507-819x1024.jpg\" class=\"attachment-large size-large wp-image-12686\" alt=\"\" srcset=\"https:\/\/karmaflowyoga.com\/wp-content\/uploads\/2023\/05\/IMG-8507-819x1024.jpg 819w, https:\/\/karmaflowyoga.com\/wp-content\/uploads\/2023\/05\/IMG-8507-240x300.jpg 240w, https:\/\/karmaflowyoga.com\/wp-content\/uploads\/2023\/05\/IMG-8507-768x960.jpg 768w, https:\/\/karmaflowyoga.com\/wp-content\/uploads\/2023\/05\/IMG-8507-1229x1536.jpg 1229w, https:\/\/karmaflowyoga.com\/wp-content\/uploads\/2023\/05\/IMG-8507.jpg 1638w\" sizes=\"(max-width: 819px) 100vw, 819px\" \/>\t\t\t\t\t\t\t\t\t\t\t\t\t\t\t<\/div>\n\t\t\t\t<\/div>\n\t\t\t\t\t<\/div>\n\t\t<\/div>\n\t\t\t\t\t<\/div>\n\t\t<\/section>\n\t\t\t\t<section class=\"elementor-section elementor-top-section elementor-element elementor-element-50e89ce6 elementor-section-boxed elementor-section-height-default elementor-section-height-default\" data-id=\"50e89ce6\" data-element_type=\"section\" data-e-type=\"section\">\n\t\t\t\t\t\t<div class=\"elementor-container elementor-column-gap-default\">\n\t\t\t\t\t<div class=\"elementor-column elementor-col-100 elementor-top-column elementor-element elementor-element-49d87701\" data-id=\"49d87701\" data-element_type=\"column\" data-e-type=\"column\">\n\t\t\t<div class=\"elementor-widget-wrap\">\n\t\t\t\t\t\t\t<\/div>\n\t\t<\/div>\n\t\t\t\t\t<\/div>\n\t\t<\/section>\n\t\t\t\t<section class=\"elementor-section elementor-top-section elementor-element elementor-element-2b1ac89 elementor-section-boxed elementor-section-height-default elementor-section-height-default\" data-id=\"2b1ac89\" data-element_type=\"section\" data-e-type=\"section\">\n\t\t\t\t\t\t<div class=\"elementor-container elementor-column-gap-default\">\n\t\t\t\t\t<div class=\"elementor-column elementor-col-16 elementor-top-column elementor-element elementor-element-3889448\" data-id=\"3889448\" data-element_type=\"column\" data-e-type=\"column\">\n\t\t\t<div class=\"elementor-widget-wrap elementor-element-populated\">\n\t\t\t\t\t\t<div class=\"elementor-element elementor-element-6db3fe8 elementor-widget elementor-widget-image\" data-id=\"6db3fe8\" data-element_type=\"widget\" data-e-type=\"widget\" data-widget_type=\"image.default\">\n\t\t\t\t<div class=\"elementor-widget-container\">\n\t\t\t\t\t\t\t\t\t\t\t\t\t\t\t<img decoding=\"async\" width=\"819\" height=\"1024\" src=\"https:\/\/karmaflowyoga.com\/wp-content\/uploads\/2023\/05\/IMG-8478-819x1024.jpg\" class=\"attachment-large size-large wp-image-12682\" alt=\"\" srcset=\"https:\/\/karmaflowyoga.com\/wp-content\/uploads\/2023\/05\/IMG-8478-819x1024.jpg 819w, https:\/\/karmaflowyoga.com\/wp-content\/uploads\/2023\/05\/IMG-8478-240x300.jpg 240w, https:\/\/karmaflowyoga.com\/wp-content\/uploads\/2023\/05\/IMG-8478-768x960.jpg 768w, https:\/\/karmaflowyoga.com\/wp-content\/uploads\/2023\/05\/IMG-8478-1229x1536.jpg 1229w, https:\/\/karmaflowyoga.com\/wp-content\/uploads\/2023\/05\/IMG-8478.jpg 1638w\" sizes=\"(max-width: 819px) 100vw, 819px\" \/>\t\t\t\t\t\t\t\t\t\t\t\t\t\t\t<\/div>\n\t\t\t\t<\/div>\n\t\t\t\t\t<\/div>\n\t\t<\/div>\n\t\t\t\t<div class=\"elementor-column elementor-col-16 elementor-top-column elementor-element elementor-element-f711c7b\" data-id=\"f711c7b\" data-element_type=\"column\" data-e-type=\"column\">\n\t\t\t<div class=\"elementor-widget-wrap elementor-element-populated\">\n\t\t\t\t\t\t<div class=\"elementor-element elementor-element-5ba1db2 elementor-widget elementor-widget-image\" data-id=\"5ba1db2\" data-element_type=\"widget\" data-e-type=\"widget\" data-widget_type=\"image.default\">\n\t\t\t\t<div class=\"elementor-widget-container\">\n\t\t\t\t\t\t\t\t\t\t\t\t\t\t\t<img decoding=\"async\" width=\"819\" height=\"1024\" src=\"https:\/\/karmaflowyoga.com\/wp-content\/uploads\/2023\/05\/IMG-8501-819x1024.jpg\" class=\"attachment-large size-large wp-image-12684\" alt=\"\" srcset=\"https:\/\/karmaflowyoga.com\/wp-content\/uploads\/2023\/05\/IMG-8501-819x1024.jpg 819w, https:\/\/karmaflowyoga.com\/wp-content\/uploads\/2023\/05\/IMG-8501-240x300.jpg 240w, https:\/\/karmaflowyoga.com\/wp-content\/uploads\/2023\/05\/IMG-8501-768x960.jpg 768w, https:\/\/karmaflowyoga.com\/wp-content\/uploads\/2023\/05\/IMG-8501-1229x1536.jpg 1229w, https:\/\/karmaflowyoga.com\/wp-content\/uploads\/2023\/05\/IMG-8501.jpg 1638w\" sizes=\"(max-width: 819px) 100vw, 819px\" \/>\t\t\t\t\t\t\t\t\t\t\t\t\t\t\t<\/div>\n\t\t\t\t<\/div>\n\t\t\t\t\t<\/div>\n\t\t<\/div>\n\t\t\t\t<div class=\"elementor-column elementor-col-16 elementor-top-column elementor-element elementor-element-cea2ae3\" data-id=\"cea2ae3\" data-element_type=\"column\" data-e-type=\"column\">\n\t\t\t<div class=\"elementor-widget-wrap elementor-element-populated\">\n\t\t\t\t\t\t<div class=\"elementor-element elementor-element-f45db78 elementor-widget elementor-widget-image\" data-id=\"f45db78\" data-element_type=\"widget\" data-e-type=\"widget\" data-widget_type=\"image.default\">\n\t\t\t\t<div class=\"elementor-widget-container\">\n\t\t\t\t\t\t\t\t\t\t\t\t\t\t\t<img loading=\"lazy\" decoding=\"async\" width=\"819\" height=\"1024\" src=\"https:\/\/karmaflowyoga.com\/wp-content\/uploads\/2023\/05\/IMG-8504-819x1024.jpg\" class=\"attachment-large size-large wp-image-12681\" alt=\"\" srcset=\"https:\/\/karmaflowyoga.com\/wp-content\/uploads\/2023\/05\/IMG-8504-819x1024.jpg 819w, https:\/\/karmaflowyoga.com\/wp-content\/uploads\/2023\/05\/IMG-8504-240x300.jpg 240w, https:\/\/karmaflowyoga.com\/wp-content\/uploads\/2023\/05\/IMG-8504-768x960.jpg 768w, https:\/\/karmaflowyoga.com\/wp-content\/uploads\/2023\/05\/IMG-8504-1229x1536.jpg 1229w, https:\/\/karmaflowyoga.com\/wp-content\/uploads\/2023\/05\/IMG-8504.jpg 1638w\" sizes=\"(max-width: 819px) 100vw, 819px\" \/>\t\t\t\t\t\t\t\t\t\t\t\t\t\t\t<\/div>\n\t\t\t\t<\/div>\n\t\t\t\t\t<\/div>\n\t\t<\/div>\n\t\t\t\t<div class=\"elementor-column elementor-col-16 elementor-top-column elementor-element elementor-element-3d7e7d2\" data-id=\"3d7e7d2\" data-element_type=\"column\" data-e-type=\"column\">\n\t\t\t<div class=\"elementor-widget-wrap elementor-element-populated\">\n\t\t\t\t\t\t<div class=\"elementor-element elementor-element-475ee3d elementor-widget elementor-widget-image\" data-id=\"475ee3d\" data-element_type=\"widget\" data-e-type=\"widget\" data-widget_type=\"image.default\">\n\t\t\t\t<div class=\"elementor-widget-container\">\n\t\t\t\t\t\t\t\t\t\t\t\t\t\t\t<img loading=\"lazy\" decoding=\"async\" width=\"819\" height=\"1024\" src=\"https:\/\/karmaflowyoga.com\/wp-content\/uploads\/2023\/05\/IMG-8524-819x1024.jpg\" class=\"attachment-large size-large wp-image-12685\" alt=\"\" srcset=\"https:\/\/karmaflowyoga.com\/wp-content\/uploads\/2023\/05\/IMG-8524-819x1024.jpg 819w, https:\/\/karmaflowyoga.com\/wp-content\/uploads\/2023\/05\/IMG-8524-240x300.jpg 240w, https:\/\/karmaflowyoga.com\/wp-content\/uploads\/2023\/05\/IMG-8524-768x960.jpg 768w, https:\/\/karmaflowyoga.com\/wp-content\/uploads\/2023\/05\/IMG-8524-1229x1536.jpg 1229w, https:\/\/karmaflowyoga.com\/wp-content\/uploads\/2023\/05\/IMG-8524.jpg 1638w\" sizes=\"(max-width: 819px) 100vw, 819px\" \/>\t\t\t\t\t\t\t\t\t\t\t\t\t\t\t<\/div>\n\t\t\t\t<\/div>\n\t\t\t\t\t<\/div>\n\t\t<\/div>\n\t\t\t\t<div class=\"elementor-column elementor-col-16 elementor-top-column elementor-element elementor-element-7bbf2ae\" data-id=\"7bbf2ae\" data-element_type=\"column\" data-e-type=\"column\">\n\t\t\t<div class=\"elementor-widget-wrap elementor-element-populated\">\n\t\t\t\t\t\t<div class=\"elementor-element elementor-element-c530f66 elementor-widget elementor-widget-image\" data-id=\"c530f66\" data-element_type=\"widget\" data-e-type=\"widget\" data-widget_type=\"image.default\">\n\t\t\t\t<div class=\"elementor-widget-container\">\n\t\t\t\t\t\t\t\t\t\t\t\t\t\t\t<img loading=\"lazy\" decoding=\"async\" width=\"819\" height=\"1024\" src=\"https:\/\/karmaflowyoga.com\/wp-content\/uploads\/2023\/11\/IMG_8513-819x1024.jpg\" class=\"attachment-large size-large wp-image-12875\" alt=\"\" srcset=\"https:\/\/karmaflowyoga.com\/wp-content\/uploads\/2023\/11\/IMG_8513-819x1024.jpg 819w, https:\/\/karmaflowyoga.com\/wp-content\/uploads\/2023\/11\/IMG_8513-240x300.jpg 240w, https:\/\/karmaflowyoga.com\/wp-content\/uploads\/2023\/11\/IMG_8513-768x960.jpg 768w, https:\/\/karmaflowyoga.com\/wp-content\/uploads\/2023\/11\/IMG_8513-1229x1536.jpg 1229w, https:\/\/karmaflowyoga.com\/wp-content\/uploads\/2023\/11\/IMG_8513.jpg 1638w\" sizes=\"(max-width: 819px) 100vw, 819px\" \/>\t\t\t\t\t\t\t\t\t\t\t\t\t\t\t<\/div>\n\t\t\t\t<\/div>\n\t\t\t\t\t<\/div>\n\t\t<\/div>\n\t\t\t\t<div class=\"elementor-column elementor-col-16 elementor-top-column elementor-element elementor-element-3ccaeb2\" data-id=\"3ccaeb2\" data-element_type=\"column\" data-e-type=\"column\">\n\t\t\t<div class=\"elementor-widget-wrap elementor-element-populated\">\n\t\t\t\t\t\t<div class=\"elementor-element elementor-element-90520df elementor-widget elementor-widget-image\" data-id=\"90520df\" data-element_type=\"widget\" data-e-type=\"widget\" data-widget_type=\"image.default\">\n\t\t\t\t<div class=\"elementor-widget-container\">\n\t\t\t\t\t\t\t\t\t\t\t\t\t\t\t<img fetchpriority=\"high\" decoding=\"async\" width=\"819\" height=\"1024\" src=\"https:\/\/karmaflowyoga.com\/wp-content\/uploads\/2023\/05\/IMG-8507-819x1024.jpg\" class=\"attachment-large size-large wp-image-12686\" alt=\"\" srcset=\"https:\/\/karmaflowyoga.com\/wp-content\/uploads\/2023\/05\/IMG-8507-819x1024.jpg 819w, https:\/\/karmaflowyoga.com\/wp-content\/uploads\/2023\/05\/IMG-8507-240x300.jpg 240w, https:\/\/karmaflowyoga.com\/wp-content\/uploads\/2023\/05\/IMG-8507-768x960.jpg 768w, https:\/\/karmaflowyoga.com\/wp-content\/uploads\/2023\/05\/IMG-8507-1229x1536.jpg 1229w, https:\/\/karmaflowyoga.com\/wp-content\/uploads\/2023\/05\/IMG-8507.jpg 1638w\" sizes=\"(max-width: 819px) 100vw, 819px\" \/>\t\t\t\t\t\t\t\t\t\t\t\t\t\t\t<\/div>\n\t\t\t\t<\/div>\n\t\t\t\t\t<\/div>\n\t\t<\/div>\n\t\t\t\t\t<\/div>\n\t\t<\/section>\n\t\t\t\t<\/div>\n\t\t","protected":false},"excerpt":{"rendered":"<p>DANSE DU DRAGON fluidit\u00e9, \u00e9nergie, joie La\u00a0Danse\u00a0du\u00a0Dragon\u00a0est un enchainement dynamique de mouvements, inspir\u00e9\u00a0du\u00a0yoga\u00a0 Vinyasa et\u00a0du\u00a0Qi Gong.Respirations apr\u00e8s respirations, le corps devient l\u00e9ger, la gravit\u00e9 s\u2019efface et laisse place \u00e0 la fluidit\u00e9 et la gr\u00e2ce\u00a0du\u00a0geste. Cette\u00a0danse\u00a0exaltante et euphorisante transporte dans le flow et l\u2019\u00e9tat de joie.Cela refl\u00e8te notre vraie nature, joyeuse et lumineuse.Pratiqu\u00e9e en groupe, la\u00a0danse\u00a0du\u00a0dragon\u00a0est [&hellip;]<\/p>\n","protected":false},"author":1,"featured_media":0,"parent":0,"menu_order":0,"comment_status":"closed","ping_status":"closed","template":"","meta":{"footnotes":""},"class_list":["post-10982","page","type-page","status-publish","hentry","entry"],"_links":{"self":[{"href":"https:\/\/karmaflowyoga.com\/index.php\/wp-json\/wp\/v2\/pages\/10982","targetHints":{"allow":["GET"]}}],"collection":[{"href":"https:\/\/karmaflowyoga.com\/index.php\/wp-json\/wp\/v2\/pages"}],"about":[{"href":"https:\/\/karmaflowyoga.com\/index.php\/wp-json\/wp\/v2\/types\/page"}],"author":[{"embeddable":true,"href":"https:\/\/karmaflowyoga.com\/index.php\/wp-json\/wp\/v2\/users\/1"}],"replies":[{"embeddable":true,"href":"https:\/\/karmaflowyoga.com\/index.php\/wp-json\/wp\/v2\/comments?post=10982"}],"version-history":[{"count":37,"href":"https:\/\/karmaflowyoga.com\/index.php\/wp-json\/wp\/v2\/pages\/10982\/revisions"}],"predecessor-version":[{"id":13607,"href":"https:\/\/karmaflowyoga.com\/index.php\/wp-json\/wp\/v2\/pages\/10982\/revisions\/13607"}],"wp:attachment":[{"href":"https:\/\/karmaflowyoga.com\/index.php\/wp-json\/wp\/v2\/media?parent=10982"}],"curies":[{"name":"wp","href":"https:\/\/api.w.org\/{rel}","templated":true}]}}