{"id":11464,"date":"2021-06-09T21:10:07","date_gmt":"2021-06-09T19:10:07","guid":{"rendered":"https:\/\/karmaflowyoga.com\/?page_id=11464"},"modified":"2025-07-01T11:21:00","modified_gmt":"2025-07-01T09:21:00","slug":"bio","status":"publish","type":"page","link":"https:\/\/karmaflowyoga.com\/index.php\/bio\/","title":{"rendered":"Bio"},"content":{"rendered":"\t\t<div data-elementor-type=\"wp-page\" data-elementor-id=\"11464\" class=\"elementor elementor-11464\">\n\t\t\t\t\t\t<section class=\"elementor-section elementor-top-section elementor-element elementor-element-8286ac7 elementor-section-boxed elementor-section-height-default elementor-section-height-default\" data-id=\"8286ac7\" data-element_type=\"section\" data-e-type=\"section\">\n\t\t\t\t\t\t<div class=\"elementor-container elementor-column-gap-default\">\n\t\t\t\t\t<div class=\"elementor-column elementor-col-100 elementor-top-column elementor-element elementor-element-57b1f64\" data-id=\"57b1f64\" data-element_type=\"column\" data-e-type=\"column\">\n\t\t\t<div class=\"elementor-widget-wrap elementor-element-populated\">\n\t\t\t\t\t\t<div class=\"elementor-element elementor-element-d374f91 elementor-widget elementor-widget-spacer\" data-id=\"d374f91\" data-element_type=\"widget\" data-e-type=\"widget\" data-widget_type=\"spacer.default\">\n\t\t\t\t<div class=\"elementor-widget-container\">\n\t\t\t\t\t\t\t<div class=\"elementor-spacer\">\n\t\t\t<div class=\"elementor-spacer-inner\"><\/div>\n\t\t<\/div>\n\t\t\t\t\t\t<\/div>\n\t\t\t\t<\/div>\n\t\t\t\t\t<\/div>\n\t\t<\/div>\n\t\t\t\t\t<\/div>\n\t\t<\/section>\n\t\t\t\t<section class=\"elementor-section elementor-top-section elementor-element elementor-element-07edce2 elementor-section-boxed elementor-section-height-default elementor-section-height-default\" data-id=\"07edce2\" data-element_type=\"section\" data-e-type=\"section\">\n\t\t\t\t\t\t<div class=\"elementor-container elementor-column-gap-default\">\n\t\t\t\t\t<div class=\"elementor-column elementor-col-50 elementor-top-column elementor-element elementor-element-53e71f1\" data-id=\"53e71f1\" data-element_type=\"column\" data-e-type=\"column\">\n\t\t\t<div class=\"elementor-widget-wrap elementor-element-populated\">\n\t\t\t\t\t\t<div class=\"elementor-element elementor-element-ee4b977 elementor-widget elementor-widget-image\" data-id=\"ee4b977\" data-element_type=\"widget\" data-e-type=\"widget\" data-widget_type=\"image.default\">\n\t\t\t\t<div class=\"elementor-widget-container\">\n\t\t\t\t\t\t\t\t\t\t\t\t\t\t\t<img fetchpriority=\"high\" decoding=\"async\" width=\"720\" height=\"1024\" src=\"https:\/\/karmaflowyoga.com\/wp-content\/uploads\/2021\/06\/bio-720x1024.jpeg\" class=\"attachment-large size-large wp-image-11097\" alt=\"karmaflowyoga\" srcset=\"https:\/\/karmaflowyoga.com\/wp-content\/uploads\/2021\/06\/bio-720x1024.jpeg 720w, https:\/\/karmaflowyoga.com\/wp-content\/uploads\/2021\/06\/bio-211x300.jpeg 211w, https:\/\/karmaflowyoga.com\/wp-content\/uploads\/2021\/06\/bio-768x1092.jpeg 768w, https:\/\/karmaflowyoga.com\/wp-content\/uploads\/2021\/06\/bio-1080x1536.jpeg 1080w, https:\/\/karmaflowyoga.com\/wp-content\/uploads\/2021\/06\/bio-1440x2048.jpeg 1440w, https:\/\/karmaflowyoga.com\/wp-content\/uploads\/2021\/06\/bio.jpeg 1737w\" sizes=\"(max-width: 720px) 100vw, 720px\" \/>\t\t\t\t\t\t\t\t\t\t\t\t\t\t\t<\/div>\n\t\t\t\t<\/div>\n\t\t\t\t<div class=\"elementor-element elementor-element-4577ae3 elementor-shape-rounded elementor-grid-0 e-grid-align-center elementor-widget elementor-widget-social-icons\" data-id=\"4577ae3\" data-element_type=\"widget\" data-e-type=\"widget\" data-widget_type=\"social-icons.default\">\n\t\t\t\t<div class=\"elementor-widget-container\">\n\t\t\t\t\t\t\t<div class=\"elementor-social-icons-wrapper elementor-grid\" role=\"list\">\n\t\t\t\t\t\t\t<span class=\"elementor-grid-item\" role=\"listitem\">\n\t\t\t\t\t<a class=\"elementor-icon elementor-social-icon elementor-social-icon-facebook elementor-repeater-item-8e9d408\" href=\"https:\/\/www.facebook.com\/karmaflowyoga\/\" target=\"_blank\">\n\t\t\t\t\t\t<span class=\"elementor-screen-only\">Facebook<\/span>\n\t\t\t\t\t\t<i aria-hidden=\"true\" class=\"fab fa-facebook\"><\/i>\t\t\t\t\t<\/a>\n\t\t\t\t<\/span>\n\t\t\t\t\t\t\t<span class=\"elementor-grid-item\" role=\"listitem\">\n\t\t\t\t\t<a class=\"elementor-icon elementor-social-icon elementor-social-icon-instagram elementor-repeater-item-d50c6a8\" href=\"https:\/\/www.instagram.com\/karmaflowyoga\/?hl=fr\" target=\"_blank\">\n\t\t\t\t\t\t<span class=\"elementor-screen-only\">Instagram<\/span>\n\t\t\t\t\t\t<i aria-hidden=\"true\" class=\"fab fa-instagram\"><\/i>\t\t\t\t\t<\/a>\n\t\t\t\t<\/span>\n\t\t\t\t\t<\/div>\n\t\t\t\t\t\t<\/div>\n\t\t\t\t<\/div>\n\t\t\t\t\t<\/div>\n\t\t<\/div>\n\t\t\t\t<div class=\"elementor-column elementor-col-50 elementor-top-column elementor-element elementor-element-af33a53\" data-id=\"af33a53\" data-element_type=\"column\" data-e-type=\"column\">\n\t\t\t<div class=\"elementor-widget-wrap elementor-element-populated\">\n\t\t\t\t\t\t<div class=\"elementor-element elementor-element-06006e3 elementor-widget elementor-widget-heading\" data-id=\"06006e3\" data-element_type=\"widget\" data-e-type=\"widget\" data-widget_type=\"heading.default\">\n\t\t\t\t<div class=\"elementor-widget-container\">\n\t\t\t\t\t<h1 class=\"elementor-heading-title elementor-size-default\">Caroline Decarsin<\/h1>\t\t\t\t<\/div>\n\t\t\t\t<\/div>\n\t\t\t\t<div class=\"elementor-element elementor-element-0b14ef8 elementor-widget elementor-widget-heading\" data-id=\"0b14ef8\" data-element_type=\"widget\" data-e-type=\"widget\" data-widget_type=\"heading.default\">\n\t\t\t\t<div class=\"elementor-widget-container\">\n\t\t\t\t\t<h2 class=\"elementor-heading-title elementor-size-default\">Vinyasa, Yin Yoga, Retraites Yoga, Soin \u00e9nergetique aux bols<br> &amp; Massages \u00e0 l'huile<\/h2>\t\t\t\t<\/div>\n\t\t\t\t<\/div>\n\t\t\t\t<div class=\"elementor-element elementor-element-afce913 elementor-widget-divider--view-line elementor-widget elementor-widget-divider\" data-id=\"afce913\" data-element_type=\"widget\" data-e-type=\"widget\" data-widget_type=\"divider.default\">\n\t\t\t\t<div class=\"elementor-widget-container\">\n\t\t\t\t\t\t\t<div class=\"elementor-divider\">\n\t\t\t<span class=\"elementor-divider-separator\">\n\t\t\t\t\t\t<\/span>\n\t\t<\/div>\n\t\t\t\t\t\t<\/div>\n\t\t\t\t<\/div>\n\t\t\t\t<div class=\"elementor-element elementor-element-27b1fe7 elementor-widget elementor-widget-heading\" data-id=\"27b1fe7\" data-element_type=\"widget\" data-e-type=\"widget\" data-widget_type=\"heading.default\">\n\t\t\t\t<div class=\"elementor-widget-container\">\n\t\t\t\t\t<h2 class=\"elementor-heading-title elementor-size-default\">BIO<\/h2>\t\t\t\t<\/div>\n\t\t\t\t<\/div>\n\t\t\t\t<div class=\"elementor-element elementor-element-6787c70 elementor-widget elementor-widget-text-editor\" data-id=\"6787c70\" data-element_type=\"widget\" data-e-type=\"widget\" data-widget_type=\"text-editor.default\">\n\t\t\t\t<div class=\"elementor-widget-container\">\n\t\t\t\t\t\t\t\t\t<p>Je m&rsquo;appelle Caroline et j&rsquo;ai nomm\u00e9 mon entreprise karmaflowyoga car je crois en la verit\u00e9 du karma et l&rsquo;importance de cultiver des pens\u00e9es positives. Le flow, lui permet d&rsquo;\u00eatre en immersion totale dans le moment pr\u00e9sent.<\/p><p><strong>Je transmets le yoga<\/strong> avec coeur et \u00e9nergie afin de vous guider sur le chemin de VOTRE force et VOTRE \u00e9quilibre <b>avec des exercices de respirations et de postures <\/b>qui vous invitent \u00e0 trouver votre propre chemin d&rsquo;\u00e9veil.<\/p><p>J&rsquo;ai commenc\u00e9 mon enseignement \u00e0 Bordeaux en 2019 et depuis 2025, je vis \u00e0 Lyon pour y poursuivre mes activit\u00e9s.<\/p><p><span style=\"text-decoration: underline;\">Si vous cherchez une escapade relaxante et inspirante,<\/span> j&rsquo;ai le plaisir de vous pr\u00e9senter <a href=\"https:\/\/karmaflowyoga.com\/index.php\/evenement-et-stages\/\">mes <strong>retraites de yoga<\/strong><\/a><strong>.<\/strong> Ces \u00e9v\u00e9nements uniques vous offrent l&rsquo;occasion de vous connecter \u00e0 vous-m\u00eame, \u00e0 la nature et \u00e0 d&rsquo;autres passionn\u00e9s de yoga. Avec une attention particuli\u00e8re port\u00e9e \u00e0 l&rsquo;organisation et \u00e0 l&rsquo;ambiance, vous vivrez une <strong>exp\u00e9rience enrichissante<\/strong> qui restera grav\u00e9e dans votre m\u00e9moire.<\/p><p>Chaque printemps, nous nous retrouvons 1 fois par semaine pour <strong>une pratique de yoga<\/strong> solaire au <b>parc de la t\u00eate d&rsquo;or <\/b>de Lyon afin de se connecter \u00e0 soi et \u00e0 la nature.<\/p><p><strong>Je propose les Soins aux bols :<\/strong><\/p><p>La magie des <strong>soins \u00e9nerg\u00e9tique aux bols Tib\u00e9tains<\/strong> s&rsquo;est invit\u00e9 lors de mon dernier voyage au N\u00e9pal. Apr\u00e9s un <strong>soin<\/strong>, notre circulation energ\u00e9tique s&rsquo;am\u00e9liore, les tensions emotionnelles, musculaires et les blocages sont soulag\u00e9s.<\/p><p><strong>Depuis 2023, j&rsquo;ai compl\u00e9t\u00e9 mon offre de massages :<\/strong><\/p><p>Massage Ayurv\u00e9dique, Balinais, liftant et le massage cr\u00e2nien absolu.<\/p><p>Ce sont des massages \u00e0 la fois toniques et enveloppants, qui alternent mouvements lents et profonds, man\u0153uvres plus rythm\u00e9es et superficielles : frottements, vibrations, pressions sur les points marmas, \u00e9tirements, mouvements circulaires\u2026<\/p><p><span style=\"font-size: 14px;\">\u00a0Vous avez l&rsquo;opportunit\u00e9 de <\/span><strong style=\"font-size: 14px;\">r\u00e9server un massage <\/strong><span style=\"font-size: 14px;\">\u00a0avec moi sur la page <\/span><a style=\"font-size: 14px; background-color: #fbf8f7;\" href=\"https:\/\/karmaflowyoga.com\/index.php\/soins-energetiques-aux-bols\/\" target=\"_blank\" rel=\"noopener\">\u00ab\u00a0Soin energ\u00e9tique aux bols et massages <\/a><\/p><p>Avec tout mon coeur, Namaste :<\/p>\t\t\t\t\t\t\t\t<\/div>\n\t\t\t\t<\/div>\n\t\t\t\t<div class=\"elementor-element elementor-element-edb9d0e elementor-widget elementor-widget-heading\" data-id=\"edb9d0e\" data-element_type=\"widget\" data-e-type=\"widget\" data-widget_type=\"heading.default\">\n\t\t\t\t<div class=\"elementor-widget-container\">\n\t\t\t\t\t<h2 class=\"elementor-heading-title elementor-size-default\">CHRONOLOGIE<\/h2>\t\t\t\t<\/div>\n\t\t\t\t<\/div>\n\t\t\t\t<div class=\"elementor-element elementor-element-154ad3d elementor-widget elementor-widget-text-editor\" data-id=\"154ad3d\" data-element_type=\"widget\" data-e-type=\"widget\" data-widget_type=\"text-editor.default\">\n\t\t\t\t<div class=\"elementor-widget-container\">\n\t\t\t\t\t\t\t\t\t<h2>2024 &#8211; Co cr\u00e9ation \u00ab\u00a0Oracle du karma\u00a0\u00bb<\/h2>\t\t\t\t\t\t\t\t<\/div>\n\t\t\t\t<\/div>\n\t\t\t\t<div class=\"elementor-element elementor-element-e47feb3 elementor-widget elementor-widget-text-editor\" data-id=\"e47feb3\" data-element_type=\"widget\" data-e-type=\"widget\" data-widget_type=\"text-editor.default\">\n\t\t\t\t<div class=\"elementor-widget-container\">\n\t\t\t\t\t\t\t\t\t<h2>2024 &#8211; Formation Massage Balinais<\/h2><div>Bali, bud<\/div>\t\t\t\t\t\t\t\t<\/div>\n\t\t\t\t<\/div>\n\t\t\t\t<div class=\"elementor-element elementor-element-eac20c7 elementor-widget elementor-widget-heading\" data-id=\"eac20c7\" data-element_type=\"widget\" data-e-type=\"widget\" data-widget_type=\"heading.default\">\n\t\t\t\t<div class=\"elementor-widget-container\">\n\t\t\t\t\t<h3 class=\"elementor-heading-title elementor-size-default\">2023 - Formation Massage Abhyanga Ayurv\u00e9dique<\/h3>\t\t\t\t<\/div>\n\t\t\t\t<\/div>\n\t\t\t\t<div class=\"elementor-element elementor-element-7397fd6 elementor-widget elementor-widget-text-editor\" data-id=\"7397fd6\" data-element_type=\"widget\" data-e-type=\"widget\" data-widget_type=\"text-editor.default\">\n\t\t\t\t<div class=\"elementor-widget-container\">\n\t\t\t\t\t\t\t\t\t<p>\u00a0Catherine Bellereaud, Bordeaux<\/p>\t\t\t\t\t\t\t\t<\/div>\n\t\t\t\t<\/div>\n\t\t\t\t<div class=\"elementor-element elementor-element-8d2389f elementor-widget elementor-widget-heading\" data-id=\"8d2389f\" data-element_type=\"widget\" data-e-type=\"widget\" data-widget_type=\"heading.default\">\n\t\t\t\t<div class=\"elementor-widget-container\">\n\t\t\t\t\t<h3 class=\"elementor-heading-title elementor-size-default\">2023 - Formation Yin et Danse du Dragon<\/h3>\t\t\t\t<\/div>\n\t\t\t\t<\/div>\n\t\t\t\t<div class=\"elementor-element elementor-element-bf03837 elementor-widget elementor-widget-text-editor\" data-id=\"bf03837\" data-element_type=\"widget\" data-e-type=\"widget\" data-widget_type=\"text-editor.default\">\n\t\t\t\t<div class=\"elementor-widget-container\">\n\t\t\t\t\t\t\t\t\t<p>1vie2yogis, Bordeaux<\/p>\t\t\t\t\t\t\t\t<\/div>\n\t\t\t\t<\/div>\n\t\t\t\t<div class=\"elementor-element elementor-element-a01ac8b elementor-widget elementor-widget-heading\" data-id=\"a01ac8b\" data-element_type=\"widget\" data-e-type=\"widget\" data-widget_type=\"heading.default\">\n\t\t\t\t<div class=\"elementor-widget-container\">\n\t\t\t\t\t<h3 class=\"elementor-heading-title elementor-size-default\">2022 - Formation Soin \u00e9nerg\u00e9tique aux bols tib\u00e9tains       <\/h3>\t\t\t\t<\/div>\n\t\t\t\t<\/div>\n\t\t\t\t<div class=\"elementor-element elementor-element-9c94efd elementor-widget elementor-widget-text-editor\" data-id=\"9c94efd\" data-element_type=\"widget\" data-e-type=\"widget\" data-widget_type=\"text-editor.default\">\n\t\t\t\t<div class=\"elementor-widget-container\">\n\t\t\t\t\t\t\t\t\t<p>healing center, N\u00e9pal<\/p>\t\t\t\t\t\t\t\t<\/div>\n\t\t\t\t<\/div>\n\t\t\t\t<div class=\"elementor-element elementor-element-ff90bdf elementor-widget elementor-widget-heading\" data-id=\"ff90bdf\" data-element_type=\"widget\" data-e-type=\"widget\" data-widget_type=\"heading.default\">\n\t\t\t\t<div class=\"elementor-widget-container\">\n\t\t\t\t\t<h3 class=\"elementor-heading-title elementor-size-default\">2021 - Formation Cercle de Femmes              <\/h3>\t\t\t\t<\/div>\n\t\t\t\t<\/div>\n\t\t\t\t<div class=\"elementor-element elementor-element-603c762 elementor-widget elementor-widget-text-editor\" data-id=\"603c762\" data-element_type=\"widget\" data-e-type=\"widget\" data-widget_type=\"text-editor.default\">\n\t\t\t\t<div class=\"elementor-widget-container\">\n\t\t\t\t\t\t\t\t\t<p>Aurore Widmer, France<\/p>\t\t\t\t\t\t\t\t<\/div>\n\t\t\t\t<\/div>\n\t\t\t\t<div class=\"elementor-element elementor-element-8bc1292 elementor-widget elementor-widget-heading\" data-id=\"8bc1292\" data-element_type=\"widget\" data-e-type=\"widget\" data-widget_type=\"heading.default\">\n\t\t\t\t<div class=\"elementor-widget-container\">\n\t\t\t\t\t<h3 class=\"elementor-heading-title elementor-size-default\">2021 - Formation Yin yoga 50H          <\/h3>\t\t\t\t<\/div>\n\t\t\t\t<\/div>\n\t\t\t\t<div class=\"elementor-element elementor-element-365e10a elementor-widget elementor-widget-text-editor\" data-id=\"365e10a\" data-element_type=\"widget\" data-e-type=\"widget\" data-widget_type=\"text-editor.default\">\n\t\t\t\t<div class=\"elementor-widget-container\">\n\t\t\t\t\t\t\t\t\t<p>certifi\u00e9e Yoga Alliance -Clarisse Robinet, France<\/p>\t\t\t\t\t\t\t\t<\/div>\n\t\t\t\t<\/div>\n\t\t\t\t<div class=\"elementor-element elementor-element-60d8eb6 elementor-widget elementor-widget-heading\" data-id=\"60d8eb6\" data-element_type=\"widget\" data-e-type=\"widget\" data-widget_type=\"heading.default\">\n\t\t\t\t<div class=\"elementor-widget-container\">\n\t\t\t\t\t<h3 class=\"elementor-heading-title elementor-size-default\">2020 - Formation Pure Vinyasa yoga 200h                           <\/h3>\t\t\t\t<\/div>\n\t\t\t\t<\/div>\n\t\t\t\t<div class=\"elementor-element elementor-element-ee151d4 elementor-widget elementor-widget-text-editor\" data-id=\"ee151d4\" data-element_type=\"widget\" data-e-type=\"widget\" data-widget_type=\"text-editor.default\">\n\t\t\t\t<div class=\"elementor-widget-container\">\n\t\t\t\t\t\t\t\t\t<p>Certifi\u00e9 yoga Alliance\u00a0 &#8211;<span style=\"font-size: 14px;\">Radiantly alive, Bali<\/span><\/p>\t\t\t\t\t\t\t\t<\/div>\n\t\t\t\t<\/div>\n\t\t\t\t<div class=\"elementor-element elementor-element-d76fba3 elementor-widget elementor-widget-heading\" data-id=\"d76fba3\" data-element_type=\"widget\" data-e-type=\"widget\" data-widget_type=\"heading.default\">\n\t\t\t\t<div class=\"elementor-widget-container\">\n\t\t\t\t\t<h3 class=\"elementor-heading-title elementor-size-default\">2018- 2022 - Responsable Boutique Yoga Searcher<\/h3>\t\t\t\t<\/div>\n\t\t\t\t<\/div>\n\t\t\t\t<div class=\"elementor-element elementor-element-5595ee9 elementor-widget elementor-widget-text-editor\" data-id=\"5595ee9\" data-element_type=\"widget\" data-e-type=\"widget\" data-widget_type=\"text-editor.default\">\n\t\t\t\t<div class=\"elementor-widget-container\">\n\t\t\t\t\t\t\t\t\t<p>Pr\u00eat-\u00e0-porter de Yoga Fran\u00e7aise et \u00e9thique, Bordeaux &#8211; France<\/p>\t\t\t\t\t\t\t\t<\/div>\n\t\t\t\t<\/div>\n\t\t\t\t<div class=\"elementor-element elementor-element-f170e90 elementor-widget elementor-widget-heading\" data-id=\"f170e90\" data-element_type=\"widget\" data-e-type=\"widget\" data-widget_type=\"heading.default\">\n\t\t\t\t<div class=\"elementor-widget-container\">\n\t\t\t\t\t<h3 class=\"elementor-heading-title elementor-size-default\">2016 \u00e0 2018 - Co Fondatrice Les petites fran\u00e7aises en Australie<\/h3>\t\t\t\t<\/div>\n\t\t\t\t<\/div>\n\t\t\t\t<div class=\"elementor-element elementor-element-8b84560 elementor-widget elementor-widget-text-editor\" data-id=\"8b84560\" data-element_type=\"widget\" data-e-type=\"widget\" data-widget_type=\"text-editor.default\">\n\t\t\t\t<div class=\"elementor-widget-container\">\n\t\t\t\t\t\t\t\t\t<p>Association bien-\u00eatre corps\/esprits, Perth &#8211; Australie<\/p>\t\t\t\t\t\t\t\t<\/div>\n\t\t\t\t<\/div>\n\t\t\t\t<div class=\"elementor-element elementor-element-e846f31 elementor-widget elementor-widget-heading\" data-id=\"e846f31\" data-element_type=\"widget\" data-e-type=\"widget\" data-widget_type=\"heading.default\">\n\t\t\t\t<div class=\"elementor-widget-container\">\n\t\t\t\t\t<h3 class=\"elementor-heading-title elementor-size-default\">2015 - D\u00e9couverte de la magie du Yoga lors d'un voyage \u00e0 Bali<\/h3>\t\t\t\t<\/div>\n\t\t\t\t<\/div>\n\t\t\t\t<div class=\"elementor-element elementor-element-70d3c9f elementor-widget elementor-widget-text-editor\" data-id=\"70d3c9f\" data-element_type=\"widget\" data-e-type=\"widget\" data-widget_type=\"text-editor.default\">\n\t\t\t\t<div class=\"elementor-widget-container\">\n\t\t\t\t\t\t\t\t\t<p>Radiantly alive, Bali<\/p>\t\t\t\t\t\t\t\t<\/div>\n\t\t\t\t<\/div>\n\t\t\t\t\t<\/div>\n\t\t<\/div>\n\t\t\t\t\t<\/div>\n\t\t<\/section>\n\t\t\t\t<section class=\"elementor-section elementor-top-section elementor-element elementor-element-76b465c elementor-section-boxed elementor-section-height-default elementor-section-height-default\" data-id=\"76b465c\" data-element_type=\"section\" data-e-type=\"section\">\n\t\t\t\t\t\t<div class=\"elementor-container elementor-column-gap-default\">\n\t\t\t\t\t<div class=\"elementor-column elementor-col-100 elementor-top-column elementor-element elementor-element-f30a335\" data-id=\"f30a335\" data-element_type=\"column\" data-e-type=\"column\">\n\t\t\t<div class=\"elementor-widget-wrap elementor-element-populated\">\n\t\t\t\t\t\t<div class=\"elementor-element elementor-element-7ef9be6 elementor-widget-divider--view-line elementor-widget elementor-widget-divider\" data-id=\"7ef9be6\" data-element_type=\"widget\" data-e-type=\"widget\" data-widget_type=\"divider.default\">\n\t\t\t\t<div class=\"elementor-widget-container\">\n\t\t\t\t\t\t\t<div class=\"elementor-divider\">\n\t\t\t<span class=\"elementor-divider-separator\">\n\t\t\t\t\t\t<\/span>\n\t\t<\/div>\n\t\t\t\t\t\t<\/div>\n\t\t\t\t<\/div>\n\t\t\t\t<div class=\"elementor-element elementor-element-a7212e5 elementor-widget elementor-widget-heading\" data-id=\"a7212e5\" data-element_type=\"widget\" data-e-type=\"widget\" data-widget_type=\"heading.default\">\n\t\t\t\t<div class=\"elementor-widget-container\">\n\t\t\t\t\t<h2 class=\"elementor-heading-title elementor-size-default\">CERTIFI\u00c9E<\/h2>\t\t\t\t<\/div>\n\t\t\t\t<\/div>\n\t\t\t\t\t<\/div>\n\t\t<\/div>\n\t\t\t\t\t<\/div>\n\t\t<\/section>\n\t\t\t\t<section class=\"elementor-section elementor-top-section elementor-element elementor-element-6ff5145 elementor-section-boxed elementor-section-height-default elementor-section-height-default\" data-id=\"6ff5145\" data-element_type=\"section\" data-e-type=\"section\">\n\t\t\t\t\t\t<div class=\"elementor-container elementor-column-gap-default\">\n\t\t\t\t\t<div class=\"elementor-column elementor-col-33 elementor-top-column elementor-element elementor-element-97be3cb\" data-id=\"97be3cb\" data-element_type=\"column\" data-e-type=\"column\">\n\t\t\t<div class=\"elementor-widget-wrap elementor-element-populated\">\n\t\t\t\t\t\t<div class=\"elementor-element elementor-element-6dab122 elementor-widget elementor-widget-image\" data-id=\"6dab122\" data-element_type=\"widget\" data-e-type=\"widget\" data-widget_type=\"image.default\">\n\t\t\t\t<div class=\"elementor-widget-container\">\n\t\t\t\t\t\t\t\t\t\t\t\t\t\t\t<img decoding=\"async\" width=\"508\" height=\"491\" src=\"https:\/\/karmaflowyoga.com\/wp-content\/uploads\/2021\/06\/logo_ifyy.png\" class=\"attachment-large size-large wp-image-11098\" alt=\"logo_ifyy\" srcset=\"https:\/\/karmaflowyoga.com\/wp-content\/uploads\/2021\/06\/logo_ifyy.png 508w, https:\/\/karmaflowyoga.com\/wp-content\/uploads\/2021\/06\/logo_ifyy-300x290.png 300w\" sizes=\"(max-width: 508px) 100vw, 508px\" \/>\t\t\t\t\t\t\t\t\t\t\t\t\t\t\t<\/div>\n\t\t\t\t<\/div>\n\t\t\t\t\t<\/div>\n\t\t<\/div>\n\t\t\t\t<div class=\"elementor-column elementor-col-33 elementor-top-column elementor-element elementor-element-1dc2351\" data-id=\"1dc2351\" data-element_type=\"column\" data-e-type=\"column\">\n\t\t\t<div class=\"elementor-widget-wrap elementor-element-populated\">\n\t\t\t\t\t\t<div class=\"elementor-element elementor-element-8fe688a elementor-widget elementor-widget-image\" data-id=\"8fe688a\" data-element_type=\"widget\" data-e-type=\"widget\" data-widget_type=\"image.default\">\n\t\t\t\t<div class=\"elementor-widget-container\">\n\t\t\t\t\t\t\t\t\t\t\t\t\t\t\t<img decoding=\"async\" width=\"594\" height=\"420\" src=\"https:\/\/karmaflowyoga.com\/wp-content\/uploads\/2021\/06\/Logo_radiantly.png\" class=\"attachment-medium_large size-medium_large wp-image-11099\" alt=\"\" srcset=\"https:\/\/karmaflowyoga.com\/wp-content\/uploads\/2021\/06\/Logo_radiantly.png 594w, https:\/\/karmaflowyoga.com\/wp-content\/uploads\/2021\/06\/Logo_radiantly-300x212.png 300w\" sizes=\"(max-width: 594px) 100vw, 594px\" \/>\t\t\t\t\t\t\t\t\t\t\t\t\t\t\t<\/div>\n\t\t\t\t<\/div>\n\t\t\t\t\t<\/div>\n\t\t<\/div>\n\t\t\t\t<div class=\"elementor-column elementor-col-33 elementor-top-column elementor-element elementor-element-adcdc74\" data-id=\"adcdc74\" data-element_type=\"column\" data-e-type=\"column\">\n\t\t\t<div class=\"elementor-widget-wrap elementor-element-populated\">\n\t\t\t\t\t\t<div class=\"elementor-element elementor-element-765d709 elementor-widget elementor-widget-image\" data-id=\"765d709\" data-element_type=\"widget\" data-e-type=\"widget\" data-widget_type=\"image.default\">\n\t\t\t\t<div class=\"elementor-widget-container\">\n\t\t\t\t\t\t\t\t\t\t\t\t\t\t\t<img loading=\"lazy\" decoding=\"async\" width=\"501\" height=\"498\" src=\"https:\/\/karmaflowyoga.com\/wp-content\/uploads\/2021\/06\/logo_ryt.png\" class=\"attachment-medium_large size-medium_large wp-image-11100\" alt=\"\" srcset=\"https:\/\/karmaflowyoga.com\/wp-content\/uploads\/2021\/06\/logo_ryt.png 501w, https:\/\/karmaflowyoga.com\/wp-content\/uploads\/2021\/06\/logo_ryt-300x298.png 300w, https:\/\/karmaflowyoga.com\/wp-content\/uploads\/2021\/06\/logo_ryt-150x150.png 150w\" sizes=\"(max-width: 501px) 100vw, 501px\" \/>\t\t\t\t\t\t\t\t\t\t\t\t\t\t\t<\/div>\n\t\t\t\t<\/div>\n\t\t\t\t\t<\/div>\n\t\t<\/div>\n\t\t\t\t\t<\/div>\n\t\t<\/section>\n\t\t\t\t<\/div>\n\t\t","protected":false},"excerpt":{"rendered":"<p>Facebook Instagram Caroline Decarsin Vinyasa, Yin Yoga, Retraites Yoga, Soin \u00e9nergetique aux bols &amp; Massages \u00e0 l&rsquo;huile BIO Je m&rsquo;appelle Caroline et j&rsquo;ai nomm\u00e9 mon entreprise karmaflowyoga car je crois en la verit\u00e9 du karma et l&rsquo;importance de cultiver des pens\u00e9es positives. Le flow, lui permet d&rsquo;\u00eatre en immersion totale dans le moment pr\u00e9sent. Je [&hellip;]<\/p>\n","protected":false},"author":1,"featured_media":0,"parent":0,"menu_order":0,"comment_status":"closed","ping_status":"closed","template":"","meta":{"footnotes":""},"class_list":["post-11464","page","type-page","status-publish","hentry","entry"],"_links":{"self":[{"href":"https:\/\/karmaflowyoga.com\/index.php\/wp-json\/wp\/v2\/pages\/11464","targetHints":{"allow":["GET"]}}],"collection":[{"href":"https:\/\/karmaflowyoga.com\/index.php\/wp-json\/wp\/v2\/pages"}],"about":[{"href":"https:\/\/karmaflowyoga.com\/index.php\/wp-json\/wp\/v2\/types\/page"}],"author":[{"embeddable":true,"href":"https:\/\/karmaflowyoga.com\/index.php\/wp-json\/wp\/v2\/users\/1"}],"replies":[{"embeddable":true,"href":"https:\/\/karmaflowyoga.com\/index.php\/wp-json\/wp\/v2\/comments?post=11464"}],"version-history":[{"count":56,"href":"https:\/\/karmaflowyoga.com\/index.php\/wp-json\/wp\/v2\/pages\/11464\/revisions"}],"predecessor-version":[{"id":13390,"href":"https:\/\/karmaflowyoga.com\/index.php\/wp-json\/wp\/v2\/pages\/11464\/revisions\/13390"}],"wp:attachment":[{"href":"https:\/\/karmaflowyoga.com\/index.php\/wp-json\/wp\/v2\/media?parent=11464"}],"curies":[{"name":"wp","href":"https:\/\/api.w.org\/{rel}","templated":true}]}}